{"id":127,"date":"2017-10-02T14:53:28","date_gmt":"2017-10-02T12:53:28","guid":{"rendered":"https:\/\/www.hidroing.biz\/kontakt\/"},"modified":"2025-02-28T19:13:11","modified_gmt":"2025-02-28T18:13:11","slug":"contact","status":"publish","type":"page","link":"https:\/\/www.hidroing.biz\/en\/contact\/","title":{"rendered":"Contact"},"content":{"rendered":"<div class=\"wpb-content-wrapper\"><p>[vc_row full_width=&#8221;stretch_row_content_no_spaces&#8221;][vc_column][vc_gmaps link=&#8221;#E-8_JTNDaWZyYW1lJTIwc3JjJTNEJTIyaHR0cHMlM0ElMkYlMkZ3d3cuZ29vZ2xlLmNvbSUyRm1hcHMlMkZlbWJlZCUzRnBiJTNEJTIxMW0xOCUyMTFtMTIlMjExbTMlMjExZDE3Nzc5MC4zODQzNDkxNDE0MiUyMTJkMTUuNjg5Nzc4OTY3MDMyNjA3JTIxM2Q0NS44NzE4MTQ2NTQzMTUzNSUyMTJtMyUyMTFmMCUyMTJmMCUyMTNmMCUyMTNtMiUyMTFpMTAyNCUyMTJpNzY4JTIxNGYxMy4xJTIxM20zJTIxMW0yJTIxMXMweDQ3NjVjNTU3YTVmZjYxZmIlMjUzQTB4YmY4YTU0MjI1NGJhNDVlOCUyMTJzU3R1YmklMjVDNCUyNThEa2ElMjUyMHVsLiUyNTIwb2R2LiUyNTIwSUkuJTI1MjAxMSUyNTJDJTI1MjAxMDI5OCUyNTJDJTI1MjBKYWJsYW5vdmVjJTIxNWUwJTIxM20yJTIxMXNociUyMTJzaHIlMjE0djE3NDA3NjYyNTEyODUlMjE1bTIlMjExc2hyJTIxMnNociUyMiUyMHdpZHRoJTNEJTIyNjAwJTIyJTIwaGVpZ2h0JTNEJTIyNDUwJTIyJTIwc3R5bGUlM0QlMjJib3JkZXIlM0EwJTNCJTIyJTIwYWxsb3dmdWxsc2NyZWVuJTNEJTIyJTIyJTIwbG9hZGluZyUzRCUyMmxhenklMjIlMjByZWZlcnJlcnBvbGljeSUzRCUyMm5vLXJlZmVycmVyLXdoZW4tZG93bmdyYWRlJTIyJTNFJTNDJTJGaWZyYW1lJTNF&#8221; size=&#8221;400px&#8221; css=&#8221;&#8221;][\/vc_column][\/vc_row][vc_row][vc_column]<div class=\"hgroup \"><h1>Contact us<\/h1><span class=\"breadcrumb pull-right\"><span><span><a href=\"https:\/\/www.hidroing.biz\/en\/home\/\">Home<\/a><\/span><\/span><\/span><\/div>[\/vc_column][\/vc_row][vc_row][vc_column width=&#8221;1\/3&#8243;][vc_column_text]<\/p>\n<address><strong>Hidroing d.o.o.<\/strong><br \/>\n<strong>Direktor &#8211; Ana Kljaji\u0107, univ.spec.oec.<\/strong><\/p>\n<div dir=\"auto\">2. odvojak Stubi\u010dke 11, Jablanovec<\/div>\n<div dir=\"auto\">10290 Zapre\u0161i\u0107<\/div>\n<p><abbr title=\"Telefon\">Tel\/Fax:<\/abbr>\u00a001 \/ 36 45 550<\/p>\n<\/address>\n<address><a href=\"mailto:hidroing@hidroing.biz\">hidroing@hidroing.biz<\/a><\/address>\n<address><strong>OIB: 61101481064<\/strong><br \/>\n<strong>MB: 080289560<\/strong><br \/>\n<strong>Upisan u registar Trgova\u010dkog suda u Zagrebu pod reg.ul. 1-20741<\/strong><br \/>\n<strong>Temeljni kapital 33.500,00 Kn upla\u0107en u cijelosti\u00a0<\/strong><br \/>\n<strong>Ra\u010dun HR2823400091110040856 otvoren u Privrednoj banci Zagreb<\/strong><\/address>\n<p>[\/vc_column_text][\/vc_column][vc_column width=&#8221;2\/3&#8243;][vc_column_text]\n<div class=\"wpcf7 no-js\" id=\"wpcf7-f160-o1\" lang=\"hr-HR\" dir=\"ltr\" data-wpcf7-id=\"160\">\n<div class=\"screen-reader-response\"><p role=\"status\" aria-live=\"polite\" aria-atomic=\"true\"><\/p> <ul><\/ul><\/div>\n<form action=\"\/en\/wp-json\/wp\/v2\/pages\/127#wpcf7-f160-o1\" method=\"post\" class=\"wpcf7-form init\" aria-label=\"Contact form\" novalidate=\"novalidate\" data-status=\"init\">\n<fieldset class=\"hidden-fields-container\"><input type=\"hidden\" name=\"_wpcf7\" value=\"160\" \/><input type=\"hidden\" name=\"_wpcf7_version\" value=\"6.1.5\" \/><input type=\"hidden\" name=\"_wpcf7_locale\" value=\"hr_HR\" \/><input type=\"hidden\" name=\"_wpcf7_unit_tag\" value=\"wpcf7-f160-o1\" \/><input type=\"hidden\" name=\"_wpcf7_container_post\" value=\"0\" \/><input type=\"hidden\" name=\"_wpcf7_posted_data_hash\" value=\"\" \/>\n<\/fieldset>\n<div class=\"row\">\n\t<div class=\"span4\">\n\t\t<p><label>Name<br \/>\n<span class=\"wpcf7-form-control-wrap\" data-name=\"your-name\"><input size=\"40\" maxlength=\"400\" class=\"wpcf7-form-control wpcf7-text wpcf7-validates-as-required span4\" aria-required=\"true\" aria-invalid=\"false\" value=\"\" type=\"text\" name=\"your-name\" \/><\/span><\/label>\n\t\t<\/p>\n\t<\/div>\n\t<div class=\"span4\">\n\t\t<p><label>E-mail<br \/>\n<span class=\"wpcf7-form-control-wrap\" data-name=\"your-email\"><input size=\"40\" maxlength=\"400\" class=\"wpcf7-form-control wpcf7-email wpcf7-validates-as-required wpcf7-text wpcf7-validates-as-email span4\" aria-required=\"true\" aria-invalid=\"false\" value=\"\" type=\"email\" name=\"your-email\" \/><\/span><\/label>\n\t\t<\/p>\n\t<\/div>\n\t<div class=\"span8\">\n\t\t<p><label>Subject<br \/>\n<span class=\"wpcf7-form-control-wrap\" data-name=\"your-subject\"><input size=\"40\" maxlength=\"400\" class=\"wpcf7-form-control wpcf7-text span8\" aria-invalid=\"false\" value=\"\" type=\"text\" name=\"your-subject\" \/><\/span><\/label>\n\t\t<\/p>\n\t<\/div>\n\t<div class=\"span8\">\n\t\t<p><label>Message<br \/>\n<span class=\"wpcf7-form-control-wrap\" data-name=\"your-message\"><textarea cols=\"40\" rows=\"10\" maxlength=\"2000\" class=\"wpcf7-form-control wpcf7-textarea span8\" aria-invalid=\"false\" name=\"your-message\"><\/textarea><\/span><\/label>\n\t\t<\/p>\n\t<\/div>\n\t<div class=\"span8\">\n\t\t<p><input class=\"wpcf7-form-control wpcf7-submit has-spinner btn btn-large btn-success\" type=\"submit\" value=\"Send\" \/>\n\t\t<\/p>\n\t<\/div>\n<\/div><div class=\"wpcf7-response-output\" aria-hidden=\"true\"><\/div>\n<\/form>\n<\/div>\n[\/vc_column_text][\/vc_column][\/vc_row]<\/p>\n<\/div>","protected":false},"excerpt":{"rendered":"<p>[vc_row full_width=&#8221;stretch_row_content_no_spaces&#8221;][vc_column][vc_gmaps link=&#8221;#E-8_JTNDaWZyYW1lJTIwc3JjJTNEJTIyaHR0cHMlM0ElMkYlMkZ3d3cuZ29vZ2xlLmNvbSUyRm1hcHMlMkZlbWJlZCUzRnBiJTNEJTIxMW0xOCUyMTFtMTIlMjExbTMlMjExZDE3Nzc5MC4zODQzNDkxNDE0MiUyMTJkMTUuNjg5Nzc4OTY3MDMyNjA3JTIxM2Q0NS44NzE4MTQ2NTQzMTUzNSUyMTJtMyUyMTFmMCUyMTJmMCUyMTNmMCUyMTNtMiUyMTFpMTAyNCUyMTJpNzY4JTIxNGYxMy4xJTIxM20zJTIxMW0yJTIxMXMweDQ3NjVjNTU3YTVmZjYxZmIlMjUzQTB4YmY4YTU0MjI1NGJhNDVlOCUyMTJzU3R1YmklMjVDNCUyNThEa2ElMjUyMHVsLiUyNTIwb2R2LiUyNTIwSUkuJTI1MjAxMSUyNTJDJTI1MjAxMDI5OCUyNTJDJTI1MjBKYWJsYW5vdmVjJTIxNWUwJTIxM20yJTIxMXNociUyMTJzaHIlMjE0djE3NDA3NjYyNTEyODUlMjE1bTIlMjExc2hyJTIxMnNociUyMiUyMHdpZHRoJTNEJTIyNjAwJTIyJTIwaGVpZ2h0JTNEJTIyNDUwJTIyJTIwc3R5bGUlM0QlMjJib3JkZXIlM0EwJTNCJTIyJTIwYWxsb3dmdWxsc2NyZWVuJTNEJTIyJTIyJTIwbG9hZGluZyUzRCUyMmxhenklMjIlMjByZWZlcnJlcnBvbGljeSUzRCUyMm5vLXJlZmVycmVyLXdoZW4tZG93bmdyYWRlJTIyJTNFJTNDJTJGaWZyYW1lJTNF&#8221; size=&#8221;400px&#8221; css=&#8221;&#8221;][\/vc_column][\/vc_row][vc_row][vc_column][\/vc_column][\/vc_row][vc_row][vc_column width=&#8221;1\/3&#8243;][vc_column_text] Hidroing d.o.o. Direktor &#8211; Ana Kljaji\u0107, univ.spec.oec. 2. odvojak Stubi\u010dke 11, Jablanovec 10290 Zapre\u0161i\u0107 Tel\/Fax:\u00a001 \/ 36 45 550 hidroing@hidroing.biz OIB: 61101481064 MB: 080289560 Upisan u registar Trgova\u010dkog suda u Zagrebu pod reg.ul. 1-20741 Temeljni kapital 33.500,00 Kn upla\u0107en u cijelosti\u00a0 Ra\u010dun HR2823400091110040856 otvoren u Privrednoj banci Zagreb [\/vc_column_text][\/vc_column][vc_column [&hellip;]<\/p>\n","protected":false},"author":1,"featured_media":0,"parent":0,"menu_order":0,"comment_status":"closed","ping_status":"closed","template":"","meta":{"footnotes":""},"class_list":["post-127","page","type-page","status-publish","hentry"],"_links":{"self":[{"href":"https:\/\/www.hidroing.biz\/en\/wp-json\/wp\/v2\/pages\/127","targetHints":{"allow":["GET"]}}],"collection":[{"href":"https:\/\/www.hidroing.biz\/en\/wp-json\/wp\/v2\/pages"}],"about":[{"href":"https:\/\/www.hidroing.biz\/en\/wp-json\/wp\/v2\/types\/page"}],"author":[{"embeddable":true,"href":"https:\/\/www.hidroing.biz\/en\/wp-json\/wp\/v2\/users\/1"}],"replies":[{"embeddable":true,"href":"https:\/\/www.hidroing.biz\/en\/wp-json\/wp\/v2\/comments?post=127"}],"version-history":[{"count":9,"href":"https:\/\/www.hidroing.biz\/en\/wp-json\/wp\/v2\/pages\/127\/revisions"}],"predecessor-version":[{"id":2924,"href":"https:\/\/www.hidroing.biz\/en\/wp-json\/wp\/v2\/pages\/127\/revisions\/2924"}],"wp:attachment":[{"href":"https:\/\/www.hidroing.biz\/en\/wp-json\/wp\/v2\/media?parent=127"}],"curies":[{"name":"wp","href":"https:\/\/api.w.org\/{rel}","templated":true}]}}